{"id":19,"date":"2021-10-20T12:23:41","date_gmt":"2021-10-20T12:23:41","guid":{"rendered":"https:\/\/flyfishinginalps.com\/cz\/?page_id=19"},"modified":"2022-07-05T12:36:19","modified_gmt":"2022-07-05T12:36:19","slug":"uvod","status":"publish","type":"page","link":"https:\/\/flyfishinginalps.com\/cz\/","title":{"rendered":"\u00davod"},"content":{"rendered":"<p>Kr\u00e1su alpsk\u00fdch \u0159ek jsem poprv\u00e9 objevil v roce 2010, ve kter\u00e9m jsem z\u00edskal anga\u017em\u00e1 do hokejov\u00e9ho klubu v Zell am See. U\u017e p\u0159i p\u0159\u00edjezdu vlakem kolem \u0159eky Salzach m\u011b ohromila jej\u00ed k\u0159i\u0161\u0165\u00e1lov\u011b \u010dist\u00e1 voda, a tak\u00e9 n\u00e1dhern\u00e9 jezero lemuj\u00edc\u00ed m\u011bsto. Okam\u017eit\u011b se ve mn\u011b probudila ryb\u00e1\u0159sk\u00e1 v\u00e1\u0161e\u0148. Chyt\u00e1m ryby u\u017e od sv\u00fdch p\u011bti let a k lovu na um\u011blou mu\u0161ku m\u011b p\u0159ivedl m\u016fj t\u00e1ta, dlouholet\u00fd reprezentant \u010cR v mu\u0161ka\u0159en\u00ed, ve kter\u00e9m dos\u00e1hl nejvy\u0161\u0161\u00edch stup\u0148\u016f jak na mistrovstv\u00ed sv\u011bta, tak i mistrovstv\u00ed Evropy. Mu\u0161ka\u0159ina m\u011b u\u010darovala tak, \u017ee jsem tak\u00e9 za\u010dal z\u00e1vodit a jako junior se dokonce nominoval na MS 2002 ve Skotsku. Ale profesion\u00e1ln\u00ed hokej se s \u00fa\u010dast\u00ed na mnoha z\u00e1vodech \u010dasov\u011b neslu\u010doval.<\/p>\n<p>V Zell am See jsem se usadil nast\u00e1lo a po ukon\u010den\u00ed hokejov\u00e9 kari\u00e9ry se nyn\u00ed naplno v\u011bnuji  mu\u0161ka\u0159en\u00ed. Za jeden\u00e1ct let jsem u\u017e prochytal v\u0161echny \u0159eky a jezera v okol\u00ed, a taky uv\u00e1zal n\u011bkolik vlastn\u00edch \u00fasp\u011b\u0161n\u00fdch vzor\u016f mu\u0161ek.<\/p>\n<p><img decoding=\"async\" loading=\"lazy\" src=\"https:\/\/flyfishinginalps.com\/cz\/wp-content\/uploads\/2022\/03\/uvod-spodni.jpg\" alt=\"\" width=\"2048\" height=\"1118\" class=\"aligncenter size-full wp-image-312\" srcset=\"https:\/\/flyfishinginalps.com\/cz\/wp-content\/uploads\/2022\/03\/uvod-spodni.jpg 2048w, https:\/\/flyfishinginalps.com\/cz\/wp-content\/uploads\/2022\/03\/uvod-spodni-300x164.jpg 300w, https:\/\/flyfishinginalps.com\/cz\/wp-content\/uploads\/2022\/03\/uvod-spodni-1024x559.jpg 1024w, https:\/\/flyfishinginalps.com\/cz\/wp-content\/uploads\/2022\/03\/uvod-spodni-768x419.jpg 768w, https:\/\/flyfishinginalps.com\/cz\/wp-content\/uploads\/2022\/03\/uvod-spodni-1536x839.jpg 1536w\" sizes=\"(max-width: 2048px) 100vw, 2048px\" \/><\/p>\n<p>Rozhodl jsem se p\u0159edat sv\u00e9 znalosti a zku\u0161enosti jako pr\u016fvodce i dal\u0161\u00edm mu\u0161ka\u0159\u016fm, kte\u0159\u00ed by r\u00e1di nav\u0161t\u00edvili okol\u00ed Zell am See s mnoha kr\u00e1sn\u00fdmi a dob\u0159e zarybn\u011bn\u00fdmi ryb\u00e1\u0159sk\u00fdmi rev\u00edry.<\/p>\n<p>Dostanete se se mnou do m\u00edst, kter\u00e9 byste sami dlouho hledali. Usnadn\u00edm v\u00e1m naj\u00edt ta spr\u00e1vn\u00e1 stanovi\u0161t\u011b ryb, jak se k nim bezpe\u010dn\u011b dostat, pou\u017e\u00edt tu spr\u00e1vnou techniku lovu a ur\u010dit tu pravou mu\u0161ku v dan\u00e9 lokalit\u011b. M\u00e9n\u011b zku\u0161en\u00fdm m\u016f\u0161ka\u0159\u016fm pom\u016f\u017eu vylep\u0161it techniku h\u00e1zen\u00ed jak na \u0159ece, tak na jezerech, taktiku lovu a taky jak co nejefektivn\u011bji zdol\u00e1vat t\u011b\u017ek\u00e9 ryby.<\/p>\n<p>T\u011b\u0161\u00edm se na vid\u011bnou na jedn\u00e9 z mnoha kr\u00e1sn\u00fdch \u0159ek v tomto regionu &#8230;&#8230;. <em>Jaroslav Barto\u0148<\/em><\/p>\n<p><img decoding=\"async\" loading=\"lazy\" src=\"https:\/\/flyfishinginalps.com\/cz\/wp-content\/uploads\/2022\/03\/web-spodni.jpg\" alt=\"\" width=\"1261\" height=\"547\" class=\"alignright size-full wp-image-297\" srcset=\"https:\/\/flyfishinginalps.com\/cz\/wp-content\/uploads\/2022\/03\/web-spodni.jpg 1261w, https:\/\/flyfishinginalps.com\/cz\/wp-content\/uploads\/2022\/03\/web-spodni-300x130.jpg 300w, https:\/\/flyfishinginalps.com\/cz\/wp-content\/uploads\/2022\/03\/web-spodni-1024x444.jpg 1024w, https:\/\/flyfishinginalps.com\/cz\/wp-content\/uploads\/2022\/03\/web-spodni-768x333.jpg 768w\" sizes=\"(max-width: 1261px) 100vw, 1261px\" \/><\/p>\n","protected":false},"excerpt":{"rendered":"<p>Kr\u00e1su alpsk\u00fdch \u0159ek jsem poprv\u00e9 objevil v roce 2010, ve kter\u00e9m jsem z\u00edskal anga\u017em\u00e1 do hokejov\u00e9ho klubu v Zell am See. U\u017e p\u0159i p\u0159\u00edjezdu vlakem kolem \u0159eky Salzach m\u011b ohromila jej\u00ed k\u0159i\u0161\u0165\u00e1lov\u011b \u010dist\u00e1 voda, a tak\u00e9 n\u00e1dhern\u00e9 jezero lemuj\u00edc\u00ed m\u011bsto.<\/p>\n","protected":false},"author":1,"featured_media":0,"parent":0,"menu_order":0,"comment_status":"closed","ping_status":"closed","template":"","meta":[],"yoast_head":"<!-- This site is optimized with the Yoast SEO plugin v19.9 - https:\/\/yoast.com\/wordpress\/plugins\/seo\/ -->\n<title>Kompletn\u00ed servis pro ryba\u0159e Zell am See | Kaprun a okol\u00ed<\/title>\n<meta name=\"description\" content=\"Servis pro hostuj\u00edc\u00ed ryb\u00e1\u0159e v oblasti Zell am See, Kaprunu a okol\u00ed. M\u00e1me tipy na lokality, pr\u016fvodce, povolenky a ubytov\u00e1n\u00ed.\" \/>\n<meta name=\"robots\" content=\"index, follow, max-snippet:-1, max-image-preview:large, max-video-preview:-1\" \/>\n<link rel=\"canonical\" href=\"https:\/\/flyfishinginalps.com\/cz\/\" \/>\n<meta property=\"og:locale\" content=\"cs_CZ\" \/>\n<meta property=\"og:type\" content=\"article\" \/>\n<meta property=\"og:title\" content=\"Kompletn\u00ed servis pro ryba\u0159e Zell am See | Kaprun a okol\u00ed\" \/>\n<meta property=\"og:description\" content=\"Servis pro hostuj\u00edc\u00ed ryb\u00e1\u0159e v oblasti Zell am See, Kaprunu a okol\u00ed. M\u00e1me tipy na lokality, pr\u016fvodce, povolenky a ubytov\u00e1n\u00ed.\" \/>\n<meta property=\"og:url\" content=\"https:\/\/flyfishinginalps.com\/cz\/\" \/>\n<meta property=\"og:site_name\" content=\"Full servis pro ryb\u00e1\u0159e v Zell am See a okol\u00ed\" \/>\n<meta property=\"article:modified_time\" content=\"2022-07-05T12:36:19+00:00\" \/>\n<meta property=\"og:image\" content=\"https:\/\/flyfishinginalps.com\/cz\/wp-content\/uploads\/2022\/03\/uvod-spodni.jpg\" \/>\n<meta name=\"twitter:card\" content=\"summary_large_image\" \/>\n<meta name=\"twitter:label1\" content=\"Odhadovan\u00e1 doba \u010dten\u00ed\" \/>\n\t<meta name=\"twitter:data1\" content=\"1 minuta\" \/>\n<script type=\"application\/ld+json\" class=\"yoast-schema-graph\">{\"@context\":\"https:\/\/schema.org\",\"@graph\":[{\"@type\":\"WebPage\",\"@id\":\"https:\/\/flyfishinginalps.com\/cz\/\",\"url\":\"https:\/\/flyfishinginalps.com\/cz\/\",\"name\":\"Kompletn\u00ed servis pro ryba\u0159e Zell am See | Kaprun a okol\u00ed\",\"isPartOf\":{\"@id\":\"https:\/\/flyfishinginalps.com\/cz\/#website\"},\"datePublished\":\"2021-10-20T12:23:41+00:00\",\"dateModified\":\"2022-07-05T12:36:19+00:00\",\"description\":\"Servis pro hostuj\u00edc\u00ed ryb\u00e1\u0159e v oblasti Zell am See, Kaprunu a okol\u00ed. M\u00e1me tipy na lokality, pr\u016fvodce, povolenky a ubytov\u00e1n\u00ed.\",\"breadcrumb\":{\"@id\":\"https:\/\/flyfishinginalps.com\/cz\/#breadcrumb\"},\"inLanguage\":\"cs\",\"potentialAction\":[{\"@type\":\"ReadAction\",\"target\":[\"https:\/\/flyfishinginalps.com\/cz\/\"]}]},{\"@type\":\"BreadcrumbList\",\"@id\":\"https:\/\/flyfishinginalps.com\/cz\/#breadcrumb\",\"itemListElement\":[{\"@type\":\"ListItem\",\"position\":1,\"name\":\"Dom\u016f\",\"item\":\"https:\/\/flyfishinginalps.com\/cz\/\"},{\"@type\":\"ListItem\",\"position\":2,\"name\":\"\u00davod\"}]},{\"@type\":\"WebSite\",\"@id\":\"https:\/\/flyfishinginalps.com\/cz\/#website\",\"url\":\"https:\/\/flyfishinginalps.com\/cz\/\",\"name\":\"Full servis pro ryb\u00e1\u0159e v Zell am See a okol\u00ed\",\"description\":\"\",\"publisher\":{\"@id\":\"https:\/\/flyfishinginalps.com\/cz\/#organization\"},\"potentialAction\":[{\"@type\":\"SearchAction\",\"target\":{\"@type\":\"EntryPoint\",\"urlTemplate\":\"https:\/\/flyfishinginalps.com\/cz\/?s={search_term_string}\"},\"query-input\":\"required name=search_term_string\"}],\"inLanguage\":\"cs\"},{\"@type\":\"Organization\",\"@id\":\"https:\/\/flyfishinginalps.com\/cz\/#organization\",\"name\":\"Full servis pro ryb\u00e1\u0159e v Zell am See a okol\u00ed\",\"url\":\"https:\/\/flyfishinginalps.com\/cz\/\",\"logo\":{\"@type\":\"ImageObject\",\"inLanguage\":\"cs\",\"@id\":\"https:\/\/flyfishinginalps.com\/cz\/#\/schema\/logo\/image\/\",\"url\":\"https:\/\/flyfishinginalps.com\/cz\/wp-content\/uploads\/2022\/02\/text-logo-horni.png\",\"contentUrl\":\"https:\/\/flyfishinginalps.com\/cz\/wp-content\/uploads\/2022\/02\/text-logo-horni.png\",\"width\":270,\"height\":40,\"caption\":\"Full servis pro ryb\u00e1\u0159e v Zell am See a okol\u00ed\"},\"image\":{\"@id\":\"https:\/\/flyfishinginalps.com\/cz\/#\/schema\/logo\/image\/\"}}]}<\/script>\n<!-- \/ Yoast SEO plugin. -->","yoast_head_json":{"title":"Kompletn\u00ed servis pro ryba\u0159e Zell am See | Kaprun a okol\u00ed","description":"Servis pro hostuj\u00edc\u00ed ryb\u00e1\u0159e v oblasti Zell am See, Kaprunu a okol\u00ed. M\u00e1me tipy na lokality, pr\u016fvodce, povolenky a ubytov\u00e1n\u00ed.","robots":{"index":"index","follow":"follow","max-snippet":"max-snippet:-1","max-image-preview":"max-image-preview:large","max-video-preview":"max-video-preview:-1"},"canonical":"https:\/\/flyfishinginalps.com\/cz\/","og_locale":"cs_CZ","og_type":"article","og_title":"Kompletn\u00ed servis pro ryba\u0159e Zell am See | Kaprun a okol\u00ed","og_description":"Servis pro hostuj\u00edc\u00ed ryb\u00e1\u0159e v oblasti Zell am See, Kaprunu a okol\u00ed. M\u00e1me tipy na lokality, pr\u016fvodce, povolenky a ubytov\u00e1n\u00ed.","og_url":"https:\/\/flyfishinginalps.com\/cz\/","og_site_name":"Full servis pro ryb\u00e1\u0159e v Zell am See a okol\u00ed","article_modified_time":"2022-07-05T12:36:19+00:00","og_image":[{"url":"https:\/\/flyfishinginalps.com\/cz\/wp-content\/uploads\/2022\/03\/uvod-spodni.jpg"}],"twitter_card":"summary_large_image","twitter_misc":{"Odhadovan\u00e1 doba \u010dten\u00ed":"1 minuta"},"schema":{"@context":"https:\/\/schema.org","@graph":[{"@type":"WebPage","@id":"https:\/\/flyfishinginalps.com\/cz\/","url":"https:\/\/flyfishinginalps.com\/cz\/","name":"Kompletn\u00ed servis pro ryba\u0159e Zell am See | Kaprun a okol\u00ed","isPartOf":{"@id":"https:\/\/flyfishinginalps.com\/cz\/#website"},"datePublished":"2021-10-20T12:23:41+00:00","dateModified":"2022-07-05T12:36:19+00:00","description":"Servis pro hostuj\u00edc\u00ed ryb\u00e1\u0159e v oblasti Zell am See, Kaprunu a okol\u00ed. M\u00e1me tipy na lokality, pr\u016fvodce, povolenky a ubytov\u00e1n\u00ed.","breadcrumb":{"@id":"https:\/\/flyfishinginalps.com\/cz\/#breadcrumb"},"inLanguage":"cs","potentialAction":[{"@type":"ReadAction","target":["https:\/\/flyfishinginalps.com\/cz\/"]}]},{"@type":"BreadcrumbList","@id":"https:\/\/flyfishinginalps.com\/cz\/#breadcrumb","itemListElement":[{"@type":"ListItem","position":1,"name":"Dom\u016f","item":"https:\/\/flyfishinginalps.com\/cz\/"},{"@type":"ListItem","position":2,"name":"\u00davod"}]},{"@type":"WebSite","@id":"https:\/\/flyfishinginalps.com\/cz\/#website","url":"https:\/\/flyfishinginalps.com\/cz\/","name":"Full servis pro ryb\u00e1\u0159e v Zell am See a okol\u00ed","description":"","publisher":{"@id":"https:\/\/flyfishinginalps.com\/cz\/#organization"},"potentialAction":[{"@type":"SearchAction","target":{"@type":"EntryPoint","urlTemplate":"https:\/\/flyfishinginalps.com\/cz\/?s={search_term_string}"},"query-input":"required name=search_term_string"}],"inLanguage":"cs"},{"@type":"Organization","@id":"https:\/\/flyfishinginalps.com\/cz\/#organization","name":"Full servis pro ryb\u00e1\u0159e v Zell am See a okol\u00ed","url":"https:\/\/flyfishinginalps.com\/cz\/","logo":{"@type":"ImageObject","inLanguage":"cs","@id":"https:\/\/flyfishinginalps.com\/cz\/#\/schema\/logo\/image\/","url":"https:\/\/flyfishinginalps.com\/cz\/wp-content\/uploads\/2022\/02\/text-logo-horni.png","contentUrl":"https:\/\/flyfishinginalps.com\/cz\/wp-content\/uploads\/2022\/02\/text-logo-horni.png","width":270,"height":40,"caption":"Full servis pro ryb\u00e1\u0159e v Zell am See a okol\u00ed"},"image":{"@id":"https:\/\/flyfishinginalps.com\/cz\/#\/schema\/logo\/image\/"}}]}},"_links":{"self":[{"href":"https:\/\/flyfishinginalps.com\/cz\/wp-json\/wp\/v2\/pages\/19"}],"collection":[{"href":"https:\/\/flyfishinginalps.com\/cz\/wp-json\/wp\/v2\/pages"}],"about":[{"href":"https:\/\/flyfishinginalps.com\/cz\/wp-json\/wp\/v2\/types\/page"}],"author":[{"embeddable":true,"href":"https:\/\/flyfishinginalps.com\/cz\/wp-json\/wp\/v2\/users\/1"}],"replies":[{"embeddable":true,"href":"https:\/\/flyfishinginalps.com\/cz\/wp-json\/wp\/v2\/comments?post=19"}],"version-history":[{"count":27,"href":"https:\/\/flyfishinginalps.com\/cz\/wp-json\/wp\/v2\/pages\/19\/revisions"}],"predecessor-version":[{"id":314,"href":"https:\/\/flyfishinginalps.com\/cz\/wp-json\/wp\/v2\/pages\/19\/revisions\/314"}],"wp:attachment":[{"href":"https:\/\/flyfishinginalps.com\/cz\/wp-json\/wp\/v2\/media?parent=19"}],"curies":[{"name":"wp","href":"https:\/\/api.w.org\/{rel}","templated":true}]}}