{"id":203,"date":"2022-02-21T13:20:36","date_gmt":"2022-02-21T13:20:36","guid":{"rendered":"https:\/\/flyfishinginalps.com\/cz\/?page_id=203"},"modified":"2022-07-05T12:39:51","modified_gmt":"2022-07-05T12:39:51","slug":"ubytovani-s-prodejem-povolenek","status":"publish","type":"page","link":"https:\/\/flyfishinginalps.com\/cz\/ubytovani-s-prodejem-povolenek\/","title":{"rendered":"Ubytov\u00e1n\u00ed s prodejem povolenek"},"content":{"rendered":"<p><img decoding=\"async\" loading=\"lazy\" src=\"https:\/\/flyfishinginalps.com\/cz\/wp-content\/uploads\/2022\/03\/jb1-225x300.jpg\" alt=\"\" width=\"225\" height=\"300\" class=\"alignright size-medium wp-image-306\" srcset=\"https:\/\/flyfishinginalps.com\/cz\/wp-content\/uploads\/2022\/03\/jb1-225x300.jpg 225w, https:\/\/flyfishinginalps.com\/cz\/wp-content\/uploads\/2022\/03\/jb1-768x1024.jpg 768w, https:\/\/flyfishinginalps.com\/cz\/wp-content\/uploads\/2022\/03\/jb1-1152x1536.jpg 1152w, https:\/\/flyfishinginalps.com\/cz\/wp-content\/uploads\/2022\/03\/jb1.jpg 1536w\" sizes=\"(max-width: 225px) 100vw, 225px\" \/><br \/>\nTyto hotely a penziony prod\u00e1vaj\u00ed povolenky pro ryba\u0159en\u00ed:<\/p>\n<ul>\n<li><a href=\"https:\/\/roemerhof-fusch.at\/\" rel=\"noopener\" target=\"_blank\">Hotel R\u00f6merhof<\/a><\/li>\n<\/li>\n<li><a href=\"https:\/\/www.braurup.at\/\" rel=\"noopener\" target=\"_blank\">Hotel Br\u00e4urup<\/a><\/li>\n<li><a href=\"https:\/\/www.gasthof-lofer.com\/de\/\" rel=\"noopener\" target=\"_blank\">Pension Forellenstube<\/a><\/li>\n<\/ul>\n","protected":false},"excerpt":{"rendered":"<p>Tyto hotely a penziony prod\u00e1vaj\u00ed povolenky pro ryba\u0159en\u00ed: Hotel R\u00f6merhof Hotel Br\u00e4urup Pension Forellenstube<\/p>\n","protected":false},"author":1,"featured_media":0,"parent":0,"menu_order":0,"comment_status":"closed","ping_status":"closed","template":"","meta":[],"yoast_head":"<!-- This site is optimized with the Yoast SEO plugin v19.9 - https:\/\/yoast.com\/wordpress\/plugins\/seo\/ -->\n<title>Ubytov\u00e1n\u00ed s prodejem povolenek | Rybolov v Alp\u00e1ch<\/title>\n<meta name=\"description\" content=\"Tipy na ubytov\u00e1n\u00ed s prodejem povolenek pro rybolov v oblasti Zell am See, Kaprunu a okol\u00ed. Nab\u00edz\u00edme kompletn\u00ed slu\u017eby pro rybolov v Alp\u00e1ch.\" \/>\n<meta name=\"robots\" content=\"index, follow, max-snippet:-1, max-image-preview:large, max-video-preview:-1\" \/>\n<link rel=\"canonical\" href=\"https:\/\/flyfishinginalps.com\/cz\/ubytovani-s-prodejem-povolenek\/\" \/>\n<meta property=\"og:locale\" content=\"cs_CZ\" \/>\n<meta property=\"og:type\" content=\"article\" \/>\n<meta property=\"og:title\" content=\"Ubytov\u00e1n\u00ed s prodejem povolenek | Rybolov v Alp\u00e1ch\" \/>\n<meta property=\"og:description\" content=\"Tipy na ubytov\u00e1n\u00ed s prodejem povolenek pro rybolov v oblasti Zell am See, Kaprunu a okol\u00ed. Nab\u00edz\u00edme kompletn\u00ed slu\u017eby pro rybolov v Alp\u00e1ch.\" \/>\n<meta property=\"og:url\" content=\"https:\/\/flyfishinginalps.com\/cz\/ubytovani-s-prodejem-povolenek\/\" \/>\n<meta property=\"og:site_name\" content=\"Full servis pro ryb\u00e1\u0159e v Zell am See a okol\u00ed\" \/>\n<meta property=\"article:modified_time\" content=\"2022-07-05T12:39:51+00:00\" \/>\n<meta property=\"og:image\" content=\"https:\/\/flyfishinginalps.com\/cz\/wp-content\/uploads\/2022\/03\/jb1-225x300.jpg\" \/>\n<meta name=\"twitter:card\" content=\"summary_large_image\" \/>\n<meta name=\"twitter:label1\" content=\"Odhadovan\u00e1 doba \u010dten\u00ed\" \/>\n\t<meta name=\"twitter:data1\" content=\"1 minuta\" \/>\n<script type=\"application\/ld+json\" class=\"yoast-schema-graph\">{\"@context\":\"https:\/\/schema.org\",\"@graph\":[{\"@type\":\"WebPage\",\"@id\":\"https:\/\/flyfishinginalps.com\/cz\/ubytovani-s-prodejem-povolenek\/\",\"url\":\"https:\/\/flyfishinginalps.com\/cz\/ubytovani-s-prodejem-povolenek\/\",\"name\":\"Ubytov\u00e1n\u00ed s prodejem povolenek | Rybolov v Alp\u00e1ch\",\"isPartOf\":{\"@id\":\"https:\/\/flyfishinginalps.com\/cz\/#website\"},\"datePublished\":\"2022-02-21T13:20:36+00:00\",\"dateModified\":\"2022-07-05T12:39:51+00:00\",\"description\":\"Tipy na ubytov\u00e1n\u00ed s prodejem povolenek pro rybolov v oblasti Zell am See, Kaprunu a okol\u00ed. Nab\u00edz\u00edme kompletn\u00ed slu\u017eby pro rybolov v Alp\u00e1ch.\",\"breadcrumb\":{\"@id\":\"https:\/\/flyfishinginalps.com\/cz\/ubytovani-s-prodejem-povolenek\/#breadcrumb\"},\"inLanguage\":\"cs\",\"potentialAction\":[{\"@type\":\"ReadAction\",\"target\":[\"https:\/\/flyfishinginalps.com\/cz\/ubytovani-s-prodejem-povolenek\/\"]}]},{\"@type\":\"BreadcrumbList\",\"@id\":\"https:\/\/flyfishinginalps.com\/cz\/ubytovani-s-prodejem-povolenek\/#breadcrumb\",\"itemListElement\":[{\"@type\":\"ListItem\",\"position\":1,\"name\":\"Dom\u016f\",\"item\":\"https:\/\/flyfishinginalps.com\/cz\/\"},{\"@type\":\"ListItem\",\"position\":2,\"name\":\"Ubytov\u00e1n\u00ed s prodejem povolenek\"}]},{\"@type\":\"WebSite\",\"@id\":\"https:\/\/flyfishinginalps.com\/cz\/#website\",\"url\":\"https:\/\/flyfishinginalps.com\/cz\/\",\"name\":\"Full servis pro ryb\u00e1\u0159e v Zell am See a okol\u00ed\",\"description\":\"\",\"publisher\":{\"@id\":\"https:\/\/flyfishinginalps.com\/cz\/#organization\"},\"potentialAction\":[{\"@type\":\"SearchAction\",\"target\":{\"@type\":\"EntryPoint\",\"urlTemplate\":\"https:\/\/flyfishinginalps.com\/cz\/?s={search_term_string}\"},\"query-input\":\"required name=search_term_string\"}],\"inLanguage\":\"cs\"},{\"@type\":\"Organization\",\"@id\":\"https:\/\/flyfishinginalps.com\/cz\/#organization\",\"name\":\"Full servis pro ryb\u00e1\u0159e v Zell am See a okol\u00ed\",\"url\":\"https:\/\/flyfishinginalps.com\/cz\/\",\"logo\":{\"@type\":\"ImageObject\",\"inLanguage\":\"cs\",\"@id\":\"https:\/\/flyfishinginalps.com\/cz\/#\/schema\/logo\/image\/\",\"url\":\"https:\/\/flyfishinginalps.com\/cz\/wp-content\/uploads\/2022\/02\/text-logo-horni.png\",\"contentUrl\":\"https:\/\/flyfishinginalps.com\/cz\/wp-content\/uploads\/2022\/02\/text-logo-horni.png\",\"width\":270,\"height\":40,\"caption\":\"Full servis pro ryb\u00e1\u0159e v Zell am See a okol\u00ed\"},\"image\":{\"@id\":\"https:\/\/flyfishinginalps.com\/cz\/#\/schema\/logo\/image\/\"}}]}<\/script>\n<!-- \/ Yoast SEO plugin. -->","yoast_head_json":{"title":"Ubytov\u00e1n\u00ed s prodejem povolenek | Rybolov v Alp\u00e1ch","description":"Tipy na ubytov\u00e1n\u00ed s prodejem povolenek pro rybolov v oblasti Zell am See, Kaprunu a okol\u00ed. Nab\u00edz\u00edme kompletn\u00ed slu\u017eby pro rybolov v Alp\u00e1ch.","robots":{"index":"index","follow":"follow","max-snippet":"max-snippet:-1","max-image-preview":"max-image-preview:large","max-video-preview":"max-video-preview:-1"},"canonical":"https:\/\/flyfishinginalps.com\/cz\/ubytovani-s-prodejem-povolenek\/","og_locale":"cs_CZ","og_type":"article","og_title":"Ubytov\u00e1n\u00ed s prodejem povolenek | Rybolov v Alp\u00e1ch","og_description":"Tipy na ubytov\u00e1n\u00ed s prodejem povolenek pro rybolov v oblasti Zell am See, Kaprunu a okol\u00ed. Nab\u00edz\u00edme kompletn\u00ed slu\u017eby pro rybolov v Alp\u00e1ch.","og_url":"https:\/\/flyfishinginalps.com\/cz\/ubytovani-s-prodejem-povolenek\/","og_site_name":"Full servis pro ryb\u00e1\u0159e v Zell am See a okol\u00ed","article_modified_time":"2022-07-05T12:39:51+00:00","og_image":[{"url":"https:\/\/flyfishinginalps.com\/cz\/wp-content\/uploads\/2022\/03\/jb1-225x300.jpg"}],"twitter_card":"summary_large_image","twitter_misc":{"Odhadovan\u00e1 doba \u010dten\u00ed":"1 minuta"},"schema":{"@context":"https:\/\/schema.org","@graph":[{"@type":"WebPage","@id":"https:\/\/flyfishinginalps.com\/cz\/ubytovani-s-prodejem-povolenek\/","url":"https:\/\/flyfishinginalps.com\/cz\/ubytovani-s-prodejem-povolenek\/","name":"Ubytov\u00e1n\u00ed s prodejem povolenek | Rybolov v Alp\u00e1ch","isPartOf":{"@id":"https:\/\/flyfishinginalps.com\/cz\/#website"},"datePublished":"2022-02-21T13:20:36+00:00","dateModified":"2022-07-05T12:39:51+00:00","description":"Tipy na ubytov\u00e1n\u00ed s prodejem povolenek pro rybolov v oblasti Zell am See, Kaprunu a okol\u00ed. Nab\u00edz\u00edme kompletn\u00ed slu\u017eby pro rybolov v Alp\u00e1ch.","breadcrumb":{"@id":"https:\/\/flyfishinginalps.com\/cz\/ubytovani-s-prodejem-povolenek\/#breadcrumb"},"inLanguage":"cs","potentialAction":[{"@type":"ReadAction","target":["https:\/\/flyfishinginalps.com\/cz\/ubytovani-s-prodejem-povolenek\/"]}]},{"@type":"BreadcrumbList","@id":"https:\/\/flyfishinginalps.com\/cz\/ubytovani-s-prodejem-povolenek\/#breadcrumb","itemListElement":[{"@type":"ListItem","position":1,"name":"Dom\u016f","item":"https:\/\/flyfishinginalps.com\/cz\/"},{"@type":"ListItem","position":2,"name":"Ubytov\u00e1n\u00ed s prodejem povolenek"}]},{"@type":"WebSite","@id":"https:\/\/flyfishinginalps.com\/cz\/#website","url":"https:\/\/flyfishinginalps.com\/cz\/","name":"Full servis pro ryb\u00e1\u0159e v Zell am See a okol\u00ed","description":"","publisher":{"@id":"https:\/\/flyfishinginalps.com\/cz\/#organization"},"potentialAction":[{"@type":"SearchAction","target":{"@type":"EntryPoint","urlTemplate":"https:\/\/flyfishinginalps.com\/cz\/?s={search_term_string}"},"query-input":"required name=search_term_string"}],"inLanguage":"cs"},{"@type":"Organization","@id":"https:\/\/flyfishinginalps.com\/cz\/#organization","name":"Full servis pro ryb\u00e1\u0159e v Zell am See a okol\u00ed","url":"https:\/\/flyfishinginalps.com\/cz\/","logo":{"@type":"ImageObject","inLanguage":"cs","@id":"https:\/\/flyfishinginalps.com\/cz\/#\/schema\/logo\/image\/","url":"https:\/\/flyfishinginalps.com\/cz\/wp-content\/uploads\/2022\/02\/text-logo-horni.png","contentUrl":"https:\/\/flyfishinginalps.com\/cz\/wp-content\/uploads\/2022\/02\/text-logo-horni.png","width":270,"height":40,"caption":"Full servis pro ryb\u00e1\u0159e v Zell am See a okol\u00ed"},"image":{"@id":"https:\/\/flyfishinginalps.com\/cz\/#\/schema\/logo\/image\/"}}]}},"_links":{"self":[{"href":"https:\/\/flyfishinginalps.com\/cz\/wp-json\/wp\/v2\/pages\/203"}],"collection":[{"href":"https:\/\/flyfishinginalps.com\/cz\/wp-json\/wp\/v2\/pages"}],"about":[{"href":"https:\/\/flyfishinginalps.com\/cz\/wp-json\/wp\/v2\/types\/page"}],"author":[{"embeddable":true,"href":"https:\/\/flyfishinginalps.com\/cz\/wp-json\/wp\/v2\/users\/1"}],"replies":[{"embeddable":true,"href":"https:\/\/flyfishinginalps.com\/cz\/wp-json\/wp\/v2\/comments?post=203"}],"version-history":[{"count":4,"href":"https:\/\/flyfishinginalps.com\/cz\/wp-json\/wp\/v2\/pages\/203\/revisions"}],"predecessor-version":[{"id":307,"href":"https:\/\/flyfishinginalps.com\/cz\/wp-json\/wp\/v2\/pages\/203\/revisions\/307"}],"wp:attachment":[{"href":"https:\/\/flyfishinginalps.com\/cz\/wp-json\/wp\/v2\/media?parent=203"}],"curies":[{"name":"wp","href":"https:\/\/api.w.org\/{rel}","templated":true}]}}