{"id":30,"date":"2021-10-20T13:15:03","date_gmt":"2021-10-20T13:15:03","guid":{"rendered":"https:\/\/flyfishinginalps.com\/cz\/?page_id=30"},"modified":"2022-07-05T12:38:56","modified_gmt":"2022-07-05T12:38:56","slug":"kontakt-pinzgau","status":"publish","type":"page","link":"https:\/\/flyfishinginalps.com\/cz\/kontakt-pinzgau\/","title":{"rendered":"Kontakt"},"content":{"rendered":"<p><img decoding=\"async\" loading=\"lazy\" src=\"https:\/\/flyfishinginalps.com\/cz\/wp-content\/uploads\/2022\/03\/kontakt-300x300.jpg\" alt=\"\" width=\"300\" height=\"300\" class=\"alignright size-medium wp-image-308\" srcset=\"https:\/\/flyfishinginalps.com\/cz\/wp-content\/uploads\/2022\/03\/kontakt-300x300.jpg 300w, https:\/\/flyfishinginalps.com\/cz\/wp-content\/uploads\/2022\/03\/kontakt-1024x1019.jpg 1024w, https:\/\/flyfishinginalps.com\/cz\/wp-content\/uploads\/2022\/03\/kontakt-150x150.jpg 150w, https:\/\/flyfishinginalps.com\/cz\/wp-content\/uploads\/2022\/03\/kontakt-1536x1529.jpg 1536w, https:\/\/flyfishinginalps.com\/cz\/wp-content\/uploads\/2022\/03\/kontakt-270x270.jpg 270w, https:\/\/flyfishinginalps.com\/cz\/wp-content\/uploads\/2022\/03\/kontakt-230x230.jpg 230w, https:\/\/flyfishinginalps.com\/cz\/wp-content\/uploads\/2022\/03\/kontakt.jpg 2048w\" sizes=\"(max-width: 300px) 100vw, 300px\" \/><\/p>\n<p>V p\u0159\u00edpad\u011b nez\u00e1vazn\u00e9 popt\u00e1vky o moje slu\u017eby, jsem V\u00e1m k dispozici na n\u00ed\u017ee uveden\u00fdch kontaktech.<\/p>\n<p>T\u011b\u0161\u00edm se na vid\u011bnou u jedn\u00e9 z alpsk\u00fdch \u0159ek &#8230;.<\/p>\n<p><em>Jarda Barto\u0148<\/em><\/p>\n<p>Email: <a href=\"mailto:flyfishinginalps@gmail.com \">flyfishinginalps@gmail.com <\/a><br \/>\nTel.: +43 664 5728315<\/p>\n<p><a href=\"https:\/\/www.facebook.com\/jaroslav.barton.5\" target=\"_blank\" rel=\"noopener\"><img decoding=\"async\" loading=\"lazy\" src=\"https:\/\/flyfishinginalps.com\/cz\/wp-content\/uploads\/2022\/05\/facebook.png\"  alt=\"FACEBOOK\" width=\"70\" height=\"70\" class=\"alignleft size-full wp-image-320\" \/><\/a> <a href=\"https:\/\/www.instagram.com\/jaroslav.barton.5\/\" target=\"_blank\" rel=\"noopener\"><img decoding=\"async\" loading=\"lazy\" src=\"https:\/\/flyfishinginalps.com\/cz\/wp-content\/uploads\/2022\/05\/instagram.png\"  alt=\"INSTAGRAM\" width=\"68\" height=\"70\" class=\"alignleft size-full wp-image-322\" \/><\/a> <a href=\"https:\/\/www.youtube.com\/channel\/UCkk3fK4iTuFhc7OxvxDJ0jw\" target=\"_blank\" rel=\"noopener\"><img decoding=\"async\" loading=\"lazy\" src=\"https:\/\/flyfishinginalps.com\/cz\/wp-content\/uploads\/2022\/05\/yout.png\" alt=\"YOUTUBE\" width=\"313\" height=\"70\" class=\"alignleft size-full wp-image-323\" srcset=\"https:\/\/flyfishinginalps.com\/cz\/wp-content\/uploads\/2022\/05\/yout.png 313w, https:\/\/flyfishinginalps.com\/cz\/wp-content\/uploads\/2022\/05\/yout-300x67.png 300w\" sizes=\"(max-width: 313px) 100vw, 313px\" \/><\/a><\/p>\n","protected":false},"excerpt":{"rendered":"<p>V p\u0159\u00edpad\u011b nez\u00e1vazn\u00e9 popt\u00e1vky o moje slu\u017eby, jsem V\u00e1m k dispozici na n\u00ed\u017ee uveden\u00fdch kontaktech. T\u011b\u0161\u00edm se na vid\u011bnou u jedn\u00e9 z alpsk\u00fdch \u0159ek &#8230;. Jarda Barto\u0148 Email: flyfishinginalps@gmail.com Tel.: +43 664 5728315<\/p>\n","protected":false},"author":1,"featured_media":0,"parent":0,"menu_order":0,"comment_status":"closed","ping_status":"closed","template":"","meta":[],"yoast_head":"<!-- This site is optimized with the Yoast SEO plugin v19.9 - https:\/\/yoast.com\/wordpress\/plugins\/seo\/ -->\n<title>Kontakt na ryb\u00e1\u0159sk\u00e9ho pr\u016fvodce v Alp\u00e1ch | Jaroslav Barto\u0148<\/title>\n<meta name=\"description\" content=\"Kompletn\u00ed slu\u017eby pro ryb\u00e1\u0159sk\u00e9 n\u00e1v\u0161t\u011bvn\u00edky Zell am See a okol\u00ed. Poskytujeme kompletn\u00ed slu\u017eby v oblasti rybolovu v t\u00e9to oblasti.\" \/>\n<meta name=\"robots\" content=\"index, follow, max-snippet:-1, max-image-preview:large, max-video-preview:-1\" \/>\n<link rel=\"canonical\" href=\"https:\/\/flyfishinginalps.com\/cz\/kontakt-pinzgau\/\" \/>\n<meta property=\"og:locale\" content=\"cs_CZ\" \/>\n<meta property=\"og:type\" content=\"article\" \/>\n<meta property=\"og:title\" content=\"Kontakt na ryb\u00e1\u0159sk\u00e9ho pr\u016fvodce v Alp\u00e1ch | Jaroslav Barto\u0148\" \/>\n<meta property=\"og:description\" content=\"Kompletn\u00ed slu\u017eby pro ryb\u00e1\u0159sk\u00e9 n\u00e1v\u0161t\u011bvn\u00edky Zell am See a okol\u00ed. Poskytujeme kompletn\u00ed slu\u017eby v oblasti rybolovu v t\u00e9to oblasti.\" \/>\n<meta property=\"og:url\" content=\"https:\/\/flyfishinginalps.com\/cz\/kontakt-pinzgau\/\" \/>\n<meta property=\"og:site_name\" content=\"Full servis pro ryb\u00e1\u0159e v Zell am See a okol\u00ed\" \/>\n<meta property=\"article:modified_time\" content=\"2022-07-05T12:38:56+00:00\" \/>\n<meta property=\"og:image\" content=\"https:\/\/flyfishinginalps.com\/cz\/wp-content\/uploads\/2022\/03\/kontakt-300x300.jpg\" \/>\n<meta name=\"twitter:card\" content=\"summary_large_image\" \/>\n<script type=\"application\/ld+json\" class=\"yoast-schema-graph\">{\"@context\":\"https:\/\/schema.org\",\"@graph\":[{\"@type\":\"WebPage\",\"@id\":\"https:\/\/flyfishinginalps.com\/cz\/kontakt-pinzgau\/\",\"url\":\"https:\/\/flyfishinginalps.com\/cz\/kontakt-pinzgau\/\",\"name\":\"Kontakt na ryb\u00e1\u0159sk\u00e9ho pr\u016fvodce v Alp\u00e1ch | Jaroslav Barto\u0148\",\"isPartOf\":{\"@id\":\"https:\/\/flyfishinginalps.com\/cz\/#website\"},\"datePublished\":\"2021-10-20T13:15:03+00:00\",\"dateModified\":\"2022-07-05T12:38:56+00:00\",\"description\":\"Kompletn\u00ed slu\u017eby pro ryb\u00e1\u0159sk\u00e9 n\u00e1v\u0161t\u011bvn\u00edky Zell am See a okol\u00ed. Poskytujeme kompletn\u00ed slu\u017eby v oblasti rybolovu v t\u00e9to oblasti.\",\"breadcrumb\":{\"@id\":\"https:\/\/flyfishinginalps.com\/cz\/kontakt-pinzgau\/#breadcrumb\"},\"inLanguage\":\"cs\",\"potentialAction\":[{\"@type\":\"ReadAction\",\"target\":[\"https:\/\/flyfishinginalps.com\/cz\/kontakt-pinzgau\/\"]}]},{\"@type\":\"BreadcrumbList\",\"@id\":\"https:\/\/flyfishinginalps.com\/cz\/kontakt-pinzgau\/#breadcrumb\",\"itemListElement\":[{\"@type\":\"ListItem\",\"position\":1,\"name\":\"Dom\u016f\",\"item\":\"https:\/\/flyfishinginalps.com\/cz\/\"},{\"@type\":\"ListItem\",\"position\":2,\"name\":\"Kontakt\"}]},{\"@type\":\"WebSite\",\"@id\":\"https:\/\/flyfishinginalps.com\/cz\/#website\",\"url\":\"https:\/\/flyfishinginalps.com\/cz\/\",\"name\":\"Full servis pro ryb\u00e1\u0159e v Zell am See a okol\u00ed\",\"description\":\"\",\"publisher\":{\"@id\":\"https:\/\/flyfishinginalps.com\/cz\/#organization\"},\"potentialAction\":[{\"@type\":\"SearchAction\",\"target\":{\"@type\":\"EntryPoint\",\"urlTemplate\":\"https:\/\/flyfishinginalps.com\/cz\/?s={search_term_string}\"},\"query-input\":\"required name=search_term_string\"}],\"inLanguage\":\"cs\"},{\"@type\":\"Organization\",\"@id\":\"https:\/\/flyfishinginalps.com\/cz\/#organization\",\"name\":\"Full servis pro ryb\u00e1\u0159e v Zell am See a okol\u00ed\",\"url\":\"https:\/\/flyfishinginalps.com\/cz\/\",\"logo\":{\"@type\":\"ImageObject\",\"inLanguage\":\"cs\",\"@id\":\"https:\/\/flyfishinginalps.com\/cz\/#\/schema\/logo\/image\/\",\"url\":\"https:\/\/flyfishinginalps.com\/cz\/wp-content\/uploads\/2022\/02\/text-logo-horni.png\",\"contentUrl\":\"https:\/\/flyfishinginalps.com\/cz\/wp-content\/uploads\/2022\/02\/text-logo-horni.png\",\"width\":270,\"height\":40,\"caption\":\"Full servis pro ryb\u00e1\u0159e v Zell am See a okol\u00ed\"},\"image\":{\"@id\":\"https:\/\/flyfishinginalps.com\/cz\/#\/schema\/logo\/image\/\"}}]}<\/script>\n<!-- \/ Yoast SEO plugin. -->","yoast_head_json":{"title":"Kontakt na ryb\u00e1\u0159sk\u00e9ho pr\u016fvodce v Alp\u00e1ch | Jaroslav Barto\u0148","description":"Kompletn\u00ed slu\u017eby pro ryb\u00e1\u0159sk\u00e9 n\u00e1v\u0161t\u011bvn\u00edky Zell am See a okol\u00ed. Poskytujeme kompletn\u00ed slu\u017eby v oblasti rybolovu v t\u00e9to oblasti.","robots":{"index":"index","follow":"follow","max-snippet":"max-snippet:-1","max-image-preview":"max-image-preview:large","max-video-preview":"max-video-preview:-1"},"canonical":"https:\/\/flyfishinginalps.com\/cz\/kontakt-pinzgau\/","og_locale":"cs_CZ","og_type":"article","og_title":"Kontakt na ryb\u00e1\u0159sk\u00e9ho pr\u016fvodce v Alp\u00e1ch | Jaroslav Barto\u0148","og_description":"Kompletn\u00ed slu\u017eby pro ryb\u00e1\u0159sk\u00e9 n\u00e1v\u0161t\u011bvn\u00edky Zell am See a okol\u00ed. Poskytujeme kompletn\u00ed slu\u017eby v oblasti rybolovu v t\u00e9to oblasti.","og_url":"https:\/\/flyfishinginalps.com\/cz\/kontakt-pinzgau\/","og_site_name":"Full servis pro ryb\u00e1\u0159e v Zell am See a okol\u00ed","article_modified_time":"2022-07-05T12:38:56+00:00","og_image":[{"url":"https:\/\/flyfishinginalps.com\/cz\/wp-content\/uploads\/2022\/03\/kontakt-300x300.jpg"}],"twitter_card":"summary_large_image","schema":{"@context":"https:\/\/schema.org","@graph":[{"@type":"WebPage","@id":"https:\/\/flyfishinginalps.com\/cz\/kontakt-pinzgau\/","url":"https:\/\/flyfishinginalps.com\/cz\/kontakt-pinzgau\/","name":"Kontakt na ryb\u00e1\u0159sk\u00e9ho pr\u016fvodce v Alp\u00e1ch | Jaroslav Barto\u0148","isPartOf":{"@id":"https:\/\/flyfishinginalps.com\/cz\/#website"},"datePublished":"2021-10-20T13:15:03+00:00","dateModified":"2022-07-05T12:38:56+00:00","description":"Kompletn\u00ed slu\u017eby pro ryb\u00e1\u0159sk\u00e9 n\u00e1v\u0161t\u011bvn\u00edky Zell am See a okol\u00ed. Poskytujeme kompletn\u00ed slu\u017eby v oblasti rybolovu v t\u00e9to oblasti.","breadcrumb":{"@id":"https:\/\/flyfishinginalps.com\/cz\/kontakt-pinzgau\/#breadcrumb"},"inLanguage":"cs","potentialAction":[{"@type":"ReadAction","target":["https:\/\/flyfishinginalps.com\/cz\/kontakt-pinzgau\/"]}]},{"@type":"BreadcrumbList","@id":"https:\/\/flyfishinginalps.com\/cz\/kontakt-pinzgau\/#breadcrumb","itemListElement":[{"@type":"ListItem","position":1,"name":"Dom\u016f","item":"https:\/\/flyfishinginalps.com\/cz\/"},{"@type":"ListItem","position":2,"name":"Kontakt"}]},{"@type":"WebSite","@id":"https:\/\/flyfishinginalps.com\/cz\/#website","url":"https:\/\/flyfishinginalps.com\/cz\/","name":"Full servis pro ryb\u00e1\u0159e v Zell am See a okol\u00ed","description":"","publisher":{"@id":"https:\/\/flyfishinginalps.com\/cz\/#organization"},"potentialAction":[{"@type":"SearchAction","target":{"@type":"EntryPoint","urlTemplate":"https:\/\/flyfishinginalps.com\/cz\/?s={search_term_string}"},"query-input":"required name=search_term_string"}],"inLanguage":"cs"},{"@type":"Organization","@id":"https:\/\/flyfishinginalps.com\/cz\/#organization","name":"Full servis pro ryb\u00e1\u0159e v Zell am See a okol\u00ed","url":"https:\/\/flyfishinginalps.com\/cz\/","logo":{"@type":"ImageObject","inLanguage":"cs","@id":"https:\/\/flyfishinginalps.com\/cz\/#\/schema\/logo\/image\/","url":"https:\/\/flyfishinginalps.com\/cz\/wp-content\/uploads\/2022\/02\/text-logo-horni.png","contentUrl":"https:\/\/flyfishinginalps.com\/cz\/wp-content\/uploads\/2022\/02\/text-logo-horni.png","width":270,"height":40,"caption":"Full servis pro ryb\u00e1\u0159e v Zell am See a okol\u00ed"},"image":{"@id":"https:\/\/flyfishinginalps.com\/cz\/#\/schema\/logo\/image\/"}}]}},"_links":{"self":[{"href":"https:\/\/flyfishinginalps.com\/cz\/wp-json\/wp\/v2\/pages\/30"}],"collection":[{"href":"https:\/\/flyfishinginalps.com\/cz\/wp-json\/wp\/v2\/pages"}],"about":[{"href":"https:\/\/flyfishinginalps.com\/cz\/wp-json\/wp\/v2\/types\/page"}],"author":[{"embeddable":true,"href":"https:\/\/flyfishinginalps.com\/cz\/wp-json\/wp\/v2\/users\/1"}],"replies":[{"embeddable":true,"href":"https:\/\/flyfishinginalps.com\/cz\/wp-json\/wp\/v2\/comments?post=30"}],"version-history":[{"count":14,"href":"https:\/\/flyfishinginalps.com\/cz\/wp-json\/wp\/v2\/pages\/30\/revisions"}],"predecessor-version":[{"id":179,"href":"https:\/\/flyfishinginalps.com\/cz\/wp-json\/wp\/v2\/pages\/30\/revisions\/179"}],"wp:attachment":[{"href":"https:\/\/flyfishinginalps.com\/cz\/wp-json\/wp\/v2\/media?parent=30"}],"curies":[{"name":"wp","href":"https:\/\/api.w.org\/{rel}","templated":true}]}}