{"id":36,"date":"2021-10-20T13:16:18","date_gmt":"2021-10-20T13:16:18","guid":{"rendered":"https:\/\/flyfishinginalps.com\/cz\/?page_id=36"},"modified":"2022-07-05T12:41:19","modified_gmt":"2022-07-05T12:41:19","slug":"rybarske-lokality","status":"publish","type":"page","link":"https:\/\/flyfishinginalps.com\/cz\/rybarske-lokality\/","title":{"rendered":"Lokality"},"content":{"rendered":"<p>Seznam ryb\u00e1\u0159sk\u00fdch lokalit na kter\u00fdch V\u00e1s mohu doprov\u00e1zet. \u010cek\u00e1 na V\u00e1s kr\u00e1sn\u00e1 p\u0159\u00edroda, pr\u016fzra\u010dn\u00e1 voda a v\u011b\u0159\u00edm, \u017ee i mnoho ryb\u00e1\u0159sk\u00fdch z\u00e1\u017eitk\u016f.<\/p>\n<div class=\"su-row\">\n<div class=\"su-column su-column-size-1-3\"><div class=\"su-column-inner su-u-clearfix su-u-trim\">\n<figure id=\"attachment_141\" aria-describedby=\"caption-attachment-141\" style=\"width: 300px\" class=\"wp-caption alignnone\"><a href=\"#1\"><img decoding=\"async\" loading=\"lazy\" class=\"alignright size-full wp-image-210\" src=\"https:\/\/flyfishinginalps.com\/cz\/wp-content\/uploads\/2022\/02\/saalach-top.jpg\" alt=\"\" width=\"300\" height=\"200\" \/><figcaption id=\"caption-attachment-141\" class=\"wp-caption-text\">Saalach \u2013 Lofer<\/a><\/figcaption><\/figure>\n<\/div><\/div>\n<div class=\"su-column su-column-size-1-3\"><div class=\"su-column-inner su-u-clearfix su-u-trim\">\n<figure id=\"attachment_141\" aria-describedby=\"caption-attachment-141\" style=\"width: 300px\" class=\"wp-caption alignnone\"><a href=\"#2\"><img decoding=\"async\" loading=\"lazy\" class=\"alignright size-full wp-image-211\" src=\"https:\/\/flyfishinginalps.com\/cz\/wp-content\/uploads\/2022\/03\/fasche.jpg\" alt=\"\" width=\"300\" height=\"200\" \/><figcaption id=\"caption-attachment-141\" class=\"wp-caption-text\">Fuscher Ache<\/a><\/figcaption><\/figure>\n<\/div><\/div>\n<div class=\"su-column su-column-size-1-3\"><div class=\"su-column-inner su-u-clearfix su-u-trim\">\n<figure id=\"attachment_141\" aria-describedby=\"caption-attachment-141\" style=\"width: 300px\" class=\"wp-caption alignnone\"><a href=\"#3\"><img decoding=\"async\" loading=\"lazy\" class=\"alignright size-full wp-image-212\" src=\"https:\/\/flyfishinginalps.com\/cz\/wp-content\/uploads\/2022\/02\/finkausee.jpg\" alt=\"\" width=\"300\" height=\"200\" \/><figcaption id=\"caption-attachment-141\" class=\"wp-caption-text\">Finkausee<\/a><\/figcaption><\/figure>\n<\/div><\/div>\n<\/div>\n<div class=\"su-row\">\n<div class=\"su-column su-column-size-1-3\"><div class=\"su-column-inner su-u-clearfix su-u-trim\">\n<figure id=\"attachment_141\" aria-describedby=\"caption-attachment-141\" style=\"width: 300px\" class=\"wp-caption alignnone\"><a href=\"#4\"><img decoding=\"async\" loading=\"lazy\" class=\"alignright size-full wp-image-222\" src=\"https:\/\/flyfishinginalps.com\/cz\/wp-content\/uploads\/2022\/02\/hintersee.jpg\" alt=\"\" width=\"300\" height=\"200\" \/><figcaption id=\"caption-attachment-141\" class=\"wp-caption-text\">Hintersee a Elisabethsee \u2013 Hotel Braurup<\/a><\/figcaption><\/figure>\n<\/div><\/div>\n<div class=\"su-column su-column-size-1-3\"><div class=\"su-column-inner su-u-clearfix su-u-trim\">\n<figure id=\"attachment_141\" aria-describedby=\"caption-attachment-141\" style=\"width: 300px\" class=\"wp-caption alignnone\"><a href=\"#5\"><img decoding=\"async\" loading=\"lazy\" class=\"alignright size-full wp-image-213\" src=\"https:\/\/flyfishinginalps.com\/cz\/wp-content\/uploads\/2022\/02\/saalzach.jpg\" alt=\"\" width=\"300\" height=\"200\" \/><figcaption id=\"caption-attachment-141\" class=\"wp-caption-text\">Salzach, Krimmelache, Stubach, Felbenbach<\/a><\/figcaption><\/figure>\n<\/div><\/div>\n<div class=\"su-column su-column-size-1-3\"><div class=\"su-column-inner su-u-clearfix su-u-trim\">\n<figure id=\"attachment_141\" aria-describedby=\"caption-attachment-141\" style=\"width: 300px\" class=\"wp-caption alignnone\"><a href=\"#6\"><img decoding=\"async\" loading=\"lazy\" class=\"alignright size-full wp-image-214\" src=\"https:\/\/flyfishinginalps.com\/cz\/wp-content\/uploads\/2022\/02\/zellersee.jpg\" alt=\"\" width=\"300\" height=\"200\" \/><figcaption id=\"caption-attachment-141\" class=\"wp-caption-text\">Zeller See<\/a><\/figcaption><\/figure>\n<\/div><\/div>\n<\/div>\n<p>&nbsp;<\/p>\n<h3 id=\"1\">Saalach \u2013 Lofer<\/h3>\n<p>\u0158eka Saalach je \u0161irok\u00e1 mezi 15 \u2013 25 m., s\u00a0kamenit\u00fdm dnem o hloubk\u00e1ch do 3m.<br \/>\nLovn\u00fd \u00fasek o d\u00e9lce 13 km je rozd\u011blen na 2. \u010d\u00e1sti.<br \/>\n1. \u00dasek pro lov s\u00a0denn\u00ed kartou (50eur), kter\u00fd je dlouh\u00fd 5 km. A je slu\u0161n\u011b zarybn\u011bn\u00fd Pstruhem Poto\u010dn\u00edm, Pstruhem Duhov\u00fdm s\u00a0ob\u010dasn\u00fdm v\u00fdskytem Lipana Podhorn\u00edho.<br \/>\n2. \u00dasek pro hotelov\u00e9 hosty pensionu Forellenstube.<br \/>\nJedn\u00e1 se o kr\u00e1snou \u0159eku s\u00a0p\u0159\u00edrodn\u00edmi b\u0159ehy s\u00a0v\u00fdskytem Pstruha poto\u010dn\u00edho, Pstruha duhov\u00e9ho, Sivenem alpsk\u00fdm a kapit\u00e1ln\u00edch Lipan\u016f a\u017e do 50 cm velikost\u00ed. Ide\u00e1ln\u00edm obdob\u00edm lovu je brzk\u00e9 jaro do t\u00e1n\u00ed sn\u011bhu, l\u00e9to a podzim a\u017e do za\u010d\u00e1tku prosince. \u0158eka je ide\u00e1ln\u00ed na lov nymfou, streamerem a v\u00a0letn\u00edm obdob\u00ed na suchou mu\u0161ku. Sou\u010d\u00e1st\u00ed povolen\u00ed pro hotelov\u00e9 hosty je i men\u0161\u00ed \u0159eka s\u00a0n\u00e1zvem Loferbach (4 km), na kter\u00e9 se daj\u00ed ulovit Pstruzi poto\u010dn\u00ed a duhov\u00ed gigantick\u00fdch rozm\u011bru. Loferbach je ide\u00e1ln\u00ed vyu\u017eit\u00ed v\u00a0p\u0159\u00edpad\u011b velk\u00e9 nebo kaln\u00e9 vody na \u0159ece Saalach.<\/p>\n<div class=\"su-row\"><div class=\"su-column su-column-size-1-2\"><div class=\"su-column-inner su-u-clearfix su-u-trim\"><iframe loading=\"lazy\" id=\"ytplayer\" src=\"https:\/\/www.youtube.com\/embed\/Au8pPUphtRA\" width=\"550\" height=\"280\" frameborder=\"0\" allowfullscreen=\"allowfullscreen\"><\/iframe><\/div><\/div>\n<div class=\"su-column su-column-size-1-2\"><div class=\"su-column-inner su-u-clearfix su-u-trim\"><iframe loading=\"lazy\" id=\"ytplayer\" src=\"https:\/\/www.youtube.com\/embed\/EjslVj3JMcY\" width=\"550\" height=\"280\" frameborder=\"0\" allowfullscreen=\"allowfullscreen\"><\/iframe><\/div><\/div><\/div>\n<p>&nbsp;<\/p>\n<h3 id=\"2\">Fuscher Ache<\/h3>\n<p>Fuscher Ache je rychlej\u0161\u00ed alpsk\u00e1 \u0159eka o \u0161\u00ed\u0159ce 4 &#8211; 10 m a celkov\u00e9 d\u00e9lce 18km. Jedn\u00e1 se o \u0159eku \u00fadol\u00ed nejvy\u0161\u0161\u00ed rakousk\u00e9 hory Grossglockner. \u0158eka je rozd\u011blen\u00e1 na \u00fasek chy\u0165 a pus\u0165 a \u00fasek s\u00a0mo\u017enost\u00ed ponech\u00e1n\u00ed si 3ks ryb. Sou\u010d\u00e1st\u00ed rev\u00edru je taky pr\u016fto\u010dn\u00e1 p\u0159ehrada o velikosti 2 ha. Na Fuscher Ache je povolen\u00fd lov pouze na 1 mu\u0161ku. Hlavn\u00ed rybou je zde Pstruh poto\u010dn\u00ed, Pstruh duhov\u00fd a Alpsk\u00fd Siven. Nej\u010dast\u011bj\u0161\u00ed technikou lovu je tak nymfa a streamer.<\/p>\n<div class=\"su-row\"><div class=\"su-column su-column-size-1-2\"><div class=\"su-column-inner su-u-clearfix su-u-trim\"><iframe loading=\"lazy\" id=\"ytplayer\" src=\"https:\/\/www.youtube.com\/embed\/tXI_IiEUhso\" width=\"550\" height=\"280\" frameborder=\"0\" allowfullscreen=\"allowfullscreen\"><\/iframe><\/div><\/div>\n<div class=\"su-column su-column-size-1-2\"><div class=\"su-column-inner su-u-clearfix su-u-trim\"><iframe loading=\"lazy\" id=\"ytplayer\" src=\"https:\/\/www.youtube.com\/embed\/FD0f1_rB7Qw\" width=\"550\" height=\"280\" frameborder=\"0\" allowfullscreen=\"allowfullscreen\"><\/iframe><\/div><\/div><\/div>\n<p>&nbsp;<\/p>\n<h3 id=\"3\">Finkausee<\/h3>\n<p>Finkausee je 5 ha Alpsk\u00e9 jezero s\u00a0azurovou vodou vzd\u00e1len\u00e9 60 km od Zell am See v\u00a0oblasti Zillertall. Sou\u010d\u00e1st\u00ed lovn\u00e9ho \u00faseku je \u0159\u00ed\u010dka dlouh\u00e1 necel\u00e9 2 km, kter\u00e1 spojuje jezero Finkau s\u00a0p\u0159ehradou Gerlos, a proto nikdy nev\u00edme jak\u00fd poklad plave pr\u00e1v\u011b v\u00a0t\u00e9hle \u0159ece, nebo\u0165 doch\u00e1z\u00ed k\u00a0\u010dast\u00e9 migraci ryb mezi jezery. V\u00a0\u0159ece je hlavn\u00ed rybou Lipan, Pstruh poto\u010dn\u00ed a Siven i velk\u00fdch velikost\u00ed. Na jeze\u0159e se vykytuj\u00ed hlavn\u011b Lipani, Siveni a tak\u00e9 kapit\u00e1ln\u00ed &#8222;Jezer\u00e1ci\u201c. Lov je povolen jak ze b\u0159ehu tak je zde povolen\u00fd i lov z\u00a0Bellyboatu, co je ide\u00e1ln\u00ed na lov velk\u00fdch Pstruh\u016f na suchou mu\u0161ku. Lov na Finkau je v\u017edy kr\u00e1sn\u00fd z\u00e1\u017eitek pln\u00fd hezk\u00fdch ryb a \u010dist\u00e9 p\u0159\u00edrody.<\/p>\n<p><iframe loading=\"lazy\" id=\"ytplayer\" src=\"https:\/\/www.youtube.com\/embed\/YPUyjqQvfnQ\" width=\"900\" height=\"506.25\" frameborder=\"0\" allowfullscreen=\"allowfullscreen\"><\/iframe><\/p>\n<p>&nbsp;<\/p>\n<h3 id=\"4\">Hintersee a Elisabethsee \u2013 Hotel Braurup<\/h3>\n<p>Hintersee a Elisabethsee jsou dv\u011b odli\u0161n\u00e1 Alpsk\u00e1 jezera, kter\u00e1 jsou od sebe vzd\u00e1len\u00e1 necel\u00fdch 7 km. Hintersee je jezero obklopen\u00e9 sk\u00e1lou s\u00a0vodop\u00e1dy a vodou jako led, pr\u00e1v\u011b proto je zde nejv\u011bt\u0161\u00ed v\u00fdskyt Sivena alpsk\u00e9ho, Pstruha poto\u010dn\u00edho, Pstruha jezern\u00edho a ojedin\u011ble Lipana.<br \/>\nElisabethsee je jezero velikosti 1 ha s\u00a0k\u0159i\u0161\u0165\u00e1lov\u011b \u010distou vodou, do kter\u00e9ho je vysazov\u00e1n Pstruh duhov\u00fd, Pstruh poto\u010dn\u00ed a Siven. Elisabeth je ide\u00e1ln\u00ed pro za\u010d\u00ednaj\u00edc\u00ed mu\u0161ka\u0159e, ale tak\u00e9 pro milovn\u00edky lovu na suchou mu\u0161ku.<\/p>\n<div class=\"su-row\"><div class=\"su-column su-column-size-1-2\"><div class=\"su-column-inner su-u-clearfix su-u-trim\"><iframe loading=\"lazy\" id=\"ytplayer\" src=\"https:\/\/www.youtube.com\/embed\/T3VfWiBHPU8\" width=\"550\" height=\"280\" frameborder=\"0\" allowfullscreen=\"allowfullscreen\"><\/iframe><\/div><\/div>\n<div class=\"su-column su-column-size-1-2\"><div class=\"su-column-inner su-u-clearfix su-u-trim\"><iframe loading=\"lazy\" id=\"ytplayer\" src=\"https:\/\/www.youtube.com\/embed\/b-oyDgakPn4\" width=\"550\" height=\"280\" frameborder=\"0\" allowfullscreen=\"allowfullscreen\"><\/iframe><\/div><\/div><\/div>\n<p>&nbsp;<\/p>\n<h3 id=\"5\">Salzach, Krimmelache, Stubach, Felbenbach<\/h3>\n<p>A jin\u00e9 jsou rev\u00edry, pat\u0159\u00edc\u00ed hotelu Braurup v\u00a0Mittersilu, kter\u00fd m\u00e1 jednu z\u00a0nejdel\u0161\u00edch ryb\u00e1\u0159sk\u00fdch tradic v\u00a0Rakousku. Na v\u0161echny rev\u00edry hotelu Braurup je mo\u017en\u00e9 zakoupen\u00ed denn\u00edch povolen\u00ed v\u00a0r\u016fzn\u00fdch cenov\u00fdch kategori\u00edch. Pro hotelov\u00e9 hosty Braurup je jednotn\u00e1 cena 35\u20ac na v\u0161ech rev\u00edrech s\u00a0p\u0159ednost\u00ed rezervace na Krimmelache, kde je standartn\u00ed cena 100\u20ac\/den s\u00a0omezen\u00edm na 10 osob\/den.<\/p>\n<p>&nbsp;<\/p>\n<h3 id=\"6\">Zeller See<\/h3>\n<p>Zellersee je jezero v\u00a0rakousk\u00fdch alp\u00e1ch v\u00a0m\u011bst\u011b Zell am See, kter\u00e9 le\u017e\u00ed ve v\u00fd\u0161ce 750 m.n.m, o rozloze 450 ha a maxim\u00e1ln\u00ed hloubce 70 m. Na Zellsk\u00e9m jeze\u0159e se vyskytuj\u00ed t\u00e9m\u011b\u0159 v\u0161echny druhy sladkovodn\u00edch ryb a proto se zde daj\u00ed provozovat v\u0161echny mo\u017en\u00e9 rybolovn\u00e9 techniky v\u010detn\u011b mu\u0161ka\u0159en\u00ed. Konktr\u00e9tn\u011b na streamer se daj\u00ed chytnou hlavn\u011b dravci jako \u0160tika, Cand\u00e1t, Okoun a hlavn\u011b Jezern\u00ed Pstruh. Sez\u00f3na za\u010d\u00edn\u00e1 1.4., kdy je teplota vody kolem 6 &#8211; 8 stup\u0148\u016f, co\u017e je ide\u00e1ln\u00ed pro lov Jezern\u00edch pstruh\u016f pomoc\u00ed pot\u00e1piv\u00fdch \u0161n\u016fr a streameru a\u017e do 15 cm. I kdy\u017e po\u010dtem hod\u016f se d\u00e1 lov ,,Jezer\u00e1ka\u201c p\u0159irovnat k\u00a0lovu Hlavatky, p\u0159i tro\u0161ce \u0161t\u011bst\u00ed se chytnou Jezer\u00e1ci a\u017e do 90cm. Na jeze\u0159e je povolen lov z\u00a0lo\u010fky nebo Bellyboatu, proto pro pokro\u010dil\u00e9 lovce je tohle jezero obrovskou v\u00fdzvou chytnou Jezern\u00edho Pstruha.<\/p>\n<p><iframe loading=\"lazy\" id=\"ytplayer\" src=\"https:\/\/www.youtube.com\/embed\/Uwoe1D8g8q8\" width=\"900\" height=\"506.25\" frameborder=\"0\" allowfullscreen=\"allowfullscreen\"><\/iframe><\/p>\n","protected":false},"excerpt":{"rendered":"<p>Seznam ryb\u00e1\u0159sk\u00fdch lokalit na kter\u00fdch V\u00e1s mohu doprov\u00e1zet. \u010cek\u00e1 na V\u00e1s kr\u00e1sn\u00e1 p\u0159\u00edroda, pr\u016fzra\u010dn\u00e1 voda a v\u011b\u0159\u00edm, \u017ee i mnoho ryb\u00e1\u0159sk\u00fdch z\u00e1\u017eitk\u016f. &nbsp; Saalach \u2013 Lofer \u0158eka Saalach je \u0161irok\u00e1 mezi 15 \u2013 25 m., s\u00a0kamenit\u00fdm dnem o hloubk\u00e1ch do<\/p>\n","protected":false},"author":1,"featured_media":0,"parent":0,"menu_order":0,"comment_status":"closed","ping_status":"closed","template":"","meta":[],"yoast_head":"<!-- This site is optimized with the Yoast SEO plugin v19.9 - https:\/\/yoast.com\/wordpress\/plugins\/seo\/ -->\n<title>Vybran\u00e9 lokality pro rybolov v Pinzgau | \u0158eky a jezera<\/title>\n<meta name=\"description\" content=\"Lokality vhodn\u00e9 pro ryba\u0159en\u00ed v oblasti Zell am See a okol\u00ed. K dispozici celkem 6 r\u016fzn\u00fdch lokalit od \u0159ek a po kr\u00e1sn\u00e1 alpsk\u00e1 jezera.\" \/>\n<meta name=\"robots\" content=\"index, follow, max-snippet:-1, max-image-preview:large, max-video-preview:-1\" \/>\n<link rel=\"canonical\" href=\"https:\/\/flyfishinginalps.com\/cz\/rybarske-lokality\/\" \/>\n<meta property=\"og:locale\" content=\"cs_CZ\" \/>\n<meta property=\"og:type\" content=\"article\" \/>\n<meta property=\"og:title\" content=\"Vybran\u00e9 lokality pro rybolov v Pinzgau | \u0158eky a jezera\" \/>\n<meta property=\"og:description\" content=\"Lokality vhodn\u00e9 pro ryba\u0159en\u00ed v oblasti Zell am See a okol\u00ed. K dispozici celkem 6 r\u016fzn\u00fdch lokalit od \u0159ek a po kr\u00e1sn\u00e1 alpsk\u00e1 jezera.\" \/>\n<meta property=\"og:url\" content=\"https:\/\/flyfishinginalps.com\/cz\/rybarske-lokality\/\" \/>\n<meta property=\"og:site_name\" content=\"Full servis pro ryb\u00e1\u0159e v Zell am See a okol\u00ed\" \/>\n<meta property=\"article:modified_time\" content=\"2022-07-05T12:41:19+00:00\" \/>\n<meta property=\"og:image\" content=\"https:\/\/flyfishinginalps.com\/cz\/wp-content\/uploads\/2022\/02\/saalach-top.jpg\" \/>\n<meta name=\"twitter:card\" content=\"summary_large_image\" \/>\n<meta name=\"twitter:label1\" content=\"Odhadovan\u00e1 doba \u010dten\u00ed\" \/>\n\t<meta name=\"twitter:data1\" content=\"1 minuta\" \/>\n<script type=\"application\/ld+json\" class=\"yoast-schema-graph\">{\"@context\":\"https:\/\/schema.org\",\"@graph\":[{\"@type\":\"WebPage\",\"@id\":\"https:\/\/flyfishinginalps.com\/cz\/rybarske-lokality\/\",\"url\":\"https:\/\/flyfishinginalps.com\/cz\/rybarske-lokality\/\",\"name\":\"Vybran\u00e9 lokality pro rybolov v Pinzgau | \u0158eky a jezera\",\"isPartOf\":{\"@id\":\"https:\/\/flyfishinginalps.com\/cz\/#website\"},\"datePublished\":\"2021-10-20T13:16:18+00:00\",\"dateModified\":\"2022-07-05T12:41:19+00:00\",\"description\":\"Lokality vhodn\u00e9 pro ryba\u0159en\u00ed v oblasti Zell am See a okol\u00ed. K dispozici celkem 6 r\u016fzn\u00fdch lokalit od \u0159ek a po kr\u00e1sn\u00e1 alpsk\u00e1 jezera.\",\"breadcrumb\":{\"@id\":\"https:\/\/flyfishinginalps.com\/cz\/rybarske-lokality\/#breadcrumb\"},\"inLanguage\":\"cs\",\"potentialAction\":[{\"@type\":\"ReadAction\",\"target\":[\"https:\/\/flyfishinginalps.com\/cz\/rybarske-lokality\/\"]}]},{\"@type\":\"BreadcrumbList\",\"@id\":\"https:\/\/flyfishinginalps.com\/cz\/rybarske-lokality\/#breadcrumb\",\"itemListElement\":[{\"@type\":\"ListItem\",\"position\":1,\"name\":\"Dom\u016f\",\"item\":\"https:\/\/flyfishinginalps.com\/cz\/\"},{\"@type\":\"ListItem\",\"position\":2,\"name\":\"Lokality\"}]},{\"@type\":\"WebSite\",\"@id\":\"https:\/\/flyfishinginalps.com\/cz\/#website\",\"url\":\"https:\/\/flyfishinginalps.com\/cz\/\",\"name\":\"Full servis pro ryb\u00e1\u0159e v Zell am See a okol\u00ed\",\"description\":\"\",\"publisher\":{\"@id\":\"https:\/\/flyfishinginalps.com\/cz\/#organization\"},\"potentialAction\":[{\"@type\":\"SearchAction\",\"target\":{\"@type\":\"EntryPoint\",\"urlTemplate\":\"https:\/\/flyfishinginalps.com\/cz\/?s={search_term_string}\"},\"query-input\":\"required name=search_term_string\"}],\"inLanguage\":\"cs\"},{\"@type\":\"Organization\",\"@id\":\"https:\/\/flyfishinginalps.com\/cz\/#organization\",\"name\":\"Full servis pro ryb\u00e1\u0159e v Zell am See a okol\u00ed\",\"url\":\"https:\/\/flyfishinginalps.com\/cz\/\",\"logo\":{\"@type\":\"ImageObject\",\"inLanguage\":\"cs\",\"@id\":\"https:\/\/flyfishinginalps.com\/cz\/#\/schema\/logo\/image\/\",\"url\":\"https:\/\/flyfishinginalps.com\/cz\/wp-content\/uploads\/2022\/02\/text-logo-horni.png\",\"contentUrl\":\"https:\/\/flyfishinginalps.com\/cz\/wp-content\/uploads\/2022\/02\/text-logo-horni.png\",\"width\":270,\"height\":40,\"caption\":\"Full servis pro ryb\u00e1\u0159e v Zell am See a okol\u00ed\"},\"image\":{\"@id\":\"https:\/\/flyfishinginalps.com\/cz\/#\/schema\/logo\/image\/\"}}]}<\/script>\n<!-- \/ Yoast SEO plugin. -->","yoast_head_json":{"title":"Vybran\u00e9 lokality pro rybolov v Pinzgau | \u0158eky a jezera","description":"Lokality vhodn\u00e9 pro ryba\u0159en\u00ed v oblasti Zell am See a okol\u00ed. K dispozici celkem 6 r\u016fzn\u00fdch lokalit od \u0159ek a po kr\u00e1sn\u00e1 alpsk\u00e1 jezera.","robots":{"index":"index","follow":"follow","max-snippet":"max-snippet:-1","max-image-preview":"max-image-preview:large","max-video-preview":"max-video-preview:-1"},"canonical":"https:\/\/flyfishinginalps.com\/cz\/rybarske-lokality\/","og_locale":"cs_CZ","og_type":"article","og_title":"Vybran\u00e9 lokality pro rybolov v Pinzgau | \u0158eky a jezera","og_description":"Lokality vhodn\u00e9 pro ryba\u0159en\u00ed v oblasti Zell am See a okol\u00ed. K dispozici celkem 6 r\u016fzn\u00fdch lokalit od \u0159ek a po kr\u00e1sn\u00e1 alpsk\u00e1 jezera.","og_url":"https:\/\/flyfishinginalps.com\/cz\/rybarske-lokality\/","og_site_name":"Full servis pro ryb\u00e1\u0159e v Zell am See a okol\u00ed","article_modified_time":"2022-07-05T12:41:19+00:00","og_image":[{"url":"https:\/\/flyfishinginalps.com\/cz\/wp-content\/uploads\/2022\/02\/saalach-top.jpg"}],"twitter_card":"summary_large_image","twitter_misc":{"Odhadovan\u00e1 doba \u010dten\u00ed":"1 minuta"},"schema":{"@context":"https:\/\/schema.org","@graph":[{"@type":"WebPage","@id":"https:\/\/flyfishinginalps.com\/cz\/rybarske-lokality\/","url":"https:\/\/flyfishinginalps.com\/cz\/rybarske-lokality\/","name":"Vybran\u00e9 lokality pro rybolov v Pinzgau | \u0158eky a jezera","isPartOf":{"@id":"https:\/\/flyfishinginalps.com\/cz\/#website"},"datePublished":"2021-10-20T13:16:18+00:00","dateModified":"2022-07-05T12:41:19+00:00","description":"Lokality vhodn\u00e9 pro ryba\u0159en\u00ed v oblasti Zell am See a okol\u00ed. K dispozici celkem 6 r\u016fzn\u00fdch lokalit od \u0159ek a po kr\u00e1sn\u00e1 alpsk\u00e1 jezera.","breadcrumb":{"@id":"https:\/\/flyfishinginalps.com\/cz\/rybarske-lokality\/#breadcrumb"},"inLanguage":"cs","potentialAction":[{"@type":"ReadAction","target":["https:\/\/flyfishinginalps.com\/cz\/rybarske-lokality\/"]}]},{"@type":"BreadcrumbList","@id":"https:\/\/flyfishinginalps.com\/cz\/rybarske-lokality\/#breadcrumb","itemListElement":[{"@type":"ListItem","position":1,"name":"Dom\u016f","item":"https:\/\/flyfishinginalps.com\/cz\/"},{"@type":"ListItem","position":2,"name":"Lokality"}]},{"@type":"WebSite","@id":"https:\/\/flyfishinginalps.com\/cz\/#website","url":"https:\/\/flyfishinginalps.com\/cz\/","name":"Full servis pro ryb\u00e1\u0159e v Zell am See a okol\u00ed","description":"","publisher":{"@id":"https:\/\/flyfishinginalps.com\/cz\/#organization"},"potentialAction":[{"@type":"SearchAction","target":{"@type":"EntryPoint","urlTemplate":"https:\/\/flyfishinginalps.com\/cz\/?s={search_term_string}"},"query-input":"required name=search_term_string"}],"inLanguage":"cs"},{"@type":"Organization","@id":"https:\/\/flyfishinginalps.com\/cz\/#organization","name":"Full servis pro ryb\u00e1\u0159e v Zell am See a okol\u00ed","url":"https:\/\/flyfishinginalps.com\/cz\/","logo":{"@type":"ImageObject","inLanguage":"cs","@id":"https:\/\/flyfishinginalps.com\/cz\/#\/schema\/logo\/image\/","url":"https:\/\/flyfishinginalps.com\/cz\/wp-content\/uploads\/2022\/02\/text-logo-horni.png","contentUrl":"https:\/\/flyfishinginalps.com\/cz\/wp-content\/uploads\/2022\/02\/text-logo-horni.png","width":270,"height":40,"caption":"Full servis pro ryb\u00e1\u0159e v Zell am See a okol\u00ed"},"image":{"@id":"https:\/\/flyfishinginalps.com\/cz\/#\/schema\/logo\/image\/"}}]}},"_links":{"self":[{"href":"https:\/\/flyfishinginalps.com\/cz\/wp-json\/wp\/v2\/pages\/36"}],"collection":[{"href":"https:\/\/flyfishinginalps.com\/cz\/wp-json\/wp\/v2\/pages"}],"about":[{"href":"https:\/\/flyfishinginalps.com\/cz\/wp-json\/wp\/v2\/types\/page"}],"author":[{"embeddable":true,"href":"https:\/\/flyfishinginalps.com\/cz\/wp-json\/wp\/v2\/users\/1"}],"replies":[{"embeddable":true,"href":"https:\/\/flyfishinginalps.com\/cz\/wp-json\/wp\/v2\/comments?post=36"}],"version-history":[{"count":22,"href":"https:\/\/flyfishinginalps.com\/cz\/wp-json\/wp\/v2\/pages\/36\/revisions"}],"predecessor-version":[{"id":333,"href":"https:\/\/flyfishinginalps.com\/cz\/wp-json\/wp\/v2\/pages\/36\/revisions\/333"}],"wp:attachment":[{"href":"https:\/\/flyfishinginalps.com\/cz\/wp-json\/wp\/v2\/media?parent=36"}],"curies":[{"name":"wp","href":"https:\/\/api.w.org\/{rel}","templated":true}]}}