{"id":70,"date":"2021-10-20T14:42:06","date_gmt":"2021-10-20T14:42:06","guid":{"rendered":"https:\/\/flyfishinginalps.com\/cz\/?page_id=70"},"modified":"2022-07-05T12:37:41","modified_gmt":"2022-07-05T12:37:41","slug":"cenik-sluzeb-pruvodce","status":"publish","type":"page","link":"https:\/\/flyfishinginalps.com\/cz\/cenik-sluzeb-pruvodce\/","title":{"rendered":"Cen\u00edk slu\u017eeb pr\u016fvodce"},"content":{"rendered":"<p><img decoding=\"async\" loading=\"lazy\" src=\"https:\/\/flyfishinginalps.com\/cz\/wp-content\/uploads\/2022\/03\/jb2-240x300.jpg\" alt=\"\" width=\"240\" height=\"300\" class=\"alignright size-medium wp-image-304\" srcset=\"https:\/\/flyfishinginalps.com\/cz\/wp-content\/uploads\/2022\/03\/jb2-240x300.jpg 240w, https:\/\/flyfishinginalps.com\/cz\/wp-content\/uploads\/2022\/03\/jb2.jpg 750w\" sizes=\"(max-width: 240px) 100vw, 240px\" \/><\/p>\n<p>1 den Guiding\/schooling   1 osoba (8hod) &#8211; 300\u20ac<br \/>\n\u00bd dne Guiding\/schooling   1 osoba (4hod) &#8211; 180\u20ac<br \/>\n1 den Guiding\/schooling   2 osoby (8hod) &#8211; 360\u20ac<br \/>\n\u00bd den Guiding\/schooling   2 osoby (4hod) &#8211; 250\u20ac<br \/>\nKurz h\u00e1zen\u00ed 25\u20ac\/hod.<br \/>\nCena neobsahuje denn\u00ed licenci k\u00a0lovu ryb. <\/p>\n<p>Skupiny po vz\u00e1jemn\u00e9 domluv\u011b.<br \/>\nEmail: <a href=\"mailto:flyfishinginalps@gmail.com\">flyfishinginalps@gmail.com <\/a>&nbsp;&nbsp;    Tel.: +43 664 5728315<\/p>\n","protected":false},"excerpt":{"rendered":"<p>1 den Guiding\/schooling 1 osoba (8hod) &#8211; 300\u20ac \u00bd dne Guiding\/schooling 1 osoba (4hod) &#8211; 180\u20ac 1 den Guiding\/schooling 2 osoby (8hod) &#8211; 360\u20ac \u00bd den Guiding\/schooling 2 osoby (4hod) &#8211; 250\u20ac Kurz h\u00e1zen\u00ed 25\u20ac\/hod. Cena neobsahuje denn\u00ed licenci k\u00a0lovu<\/p>\n","protected":false},"author":1,"featured_media":0,"parent":0,"menu_order":0,"comment_status":"closed","ping_status":"closed","template":"","meta":[],"yoast_head":"<!-- This site is optimized with the Yoast SEO plugin v19.9 - https:\/\/yoast.com\/wordpress\/plugins\/seo\/ -->\n<title>Cen\u00edk slu\u017eeb pr\u016fvodce | Lov ryb v Alp\u00e1ch<\/title>\n<meta name=\"description\" content=\"Ceny \u010desk\u00e9ho ryb\u00e1\u0159sk\u00e9ho pr\u016fvodce V Zell am See a Kaprunu. K dispozici n\u00e1kup povolenek, pron\u00e1jem lod\u011b, vhodn\u00e9 lokality pro lov ryb.\" \/>\n<meta name=\"robots\" content=\"index, follow, max-snippet:-1, max-image-preview:large, max-video-preview:-1\" \/>\n<link rel=\"canonical\" href=\"https:\/\/flyfishinginalps.com\/cz\/cenik-sluzeb-pruvodce\/\" \/>\n<meta property=\"og:locale\" content=\"cs_CZ\" \/>\n<meta property=\"og:type\" content=\"article\" \/>\n<meta property=\"og:title\" content=\"Cen\u00edk slu\u017eeb pr\u016fvodce | Lov ryb v Alp\u00e1ch\" \/>\n<meta property=\"og:description\" content=\"Ceny \u010desk\u00e9ho ryb\u00e1\u0159sk\u00e9ho pr\u016fvodce V Zell am See a Kaprunu. K dispozici n\u00e1kup povolenek, pron\u00e1jem lod\u011b, vhodn\u00e9 lokality pro lov ryb.\" \/>\n<meta property=\"og:url\" content=\"https:\/\/flyfishinginalps.com\/cz\/cenik-sluzeb-pruvodce\/\" \/>\n<meta property=\"og:site_name\" content=\"Full servis pro ryb\u00e1\u0159e v Zell am See a okol\u00ed\" \/>\n<meta property=\"article:modified_time\" content=\"2022-07-05T12:37:41+00:00\" \/>\n<meta property=\"og:image\" content=\"https:\/\/flyfishinginalps.com\/cz\/wp-content\/uploads\/2022\/03\/jb2-240x300.jpg\" \/>\n<meta name=\"twitter:card\" content=\"summary_large_image\" \/>\n<script type=\"application\/ld+json\" class=\"yoast-schema-graph\">{\"@context\":\"https:\/\/schema.org\",\"@graph\":[{\"@type\":\"WebPage\",\"@id\":\"https:\/\/flyfishinginalps.com\/cz\/cenik-sluzeb-pruvodce\/\",\"url\":\"https:\/\/flyfishinginalps.com\/cz\/cenik-sluzeb-pruvodce\/\",\"name\":\"Cen\u00edk slu\u017eeb pr\u016fvodce | Lov ryb v Alp\u00e1ch\",\"isPartOf\":{\"@id\":\"https:\/\/flyfishinginalps.com\/cz\/#website\"},\"datePublished\":\"2021-10-20T14:42:06+00:00\",\"dateModified\":\"2022-07-05T12:37:41+00:00\",\"description\":\"Ceny \u010desk\u00e9ho ryb\u00e1\u0159sk\u00e9ho pr\u016fvodce V Zell am See a Kaprunu. K dispozici n\u00e1kup povolenek, pron\u00e1jem lod\u011b, vhodn\u00e9 lokality pro lov ryb.\",\"breadcrumb\":{\"@id\":\"https:\/\/flyfishinginalps.com\/cz\/cenik-sluzeb-pruvodce\/#breadcrumb\"},\"inLanguage\":\"cs\",\"potentialAction\":[{\"@type\":\"ReadAction\",\"target\":[\"https:\/\/flyfishinginalps.com\/cz\/cenik-sluzeb-pruvodce\/\"]}]},{\"@type\":\"BreadcrumbList\",\"@id\":\"https:\/\/flyfishinginalps.com\/cz\/cenik-sluzeb-pruvodce\/#breadcrumb\",\"itemListElement\":[{\"@type\":\"ListItem\",\"position\":1,\"name\":\"Dom\u016f\",\"item\":\"https:\/\/flyfishinginalps.com\/cz\/\"},{\"@type\":\"ListItem\",\"position\":2,\"name\":\"Cen\u00edk slu\u017eeb pr\u016fvodce\"}]},{\"@type\":\"WebSite\",\"@id\":\"https:\/\/flyfishinginalps.com\/cz\/#website\",\"url\":\"https:\/\/flyfishinginalps.com\/cz\/\",\"name\":\"Full servis pro ryb\u00e1\u0159e v Zell am See a okol\u00ed\",\"description\":\"\",\"publisher\":{\"@id\":\"https:\/\/flyfishinginalps.com\/cz\/#organization\"},\"potentialAction\":[{\"@type\":\"SearchAction\",\"target\":{\"@type\":\"EntryPoint\",\"urlTemplate\":\"https:\/\/flyfishinginalps.com\/cz\/?s={search_term_string}\"},\"query-input\":\"required name=search_term_string\"}],\"inLanguage\":\"cs\"},{\"@type\":\"Organization\",\"@id\":\"https:\/\/flyfishinginalps.com\/cz\/#organization\",\"name\":\"Full servis pro ryb\u00e1\u0159e v Zell am See a okol\u00ed\",\"url\":\"https:\/\/flyfishinginalps.com\/cz\/\",\"logo\":{\"@type\":\"ImageObject\",\"inLanguage\":\"cs\",\"@id\":\"https:\/\/flyfishinginalps.com\/cz\/#\/schema\/logo\/image\/\",\"url\":\"https:\/\/flyfishinginalps.com\/cz\/wp-content\/uploads\/2022\/02\/text-logo-horni.png\",\"contentUrl\":\"https:\/\/flyfishinginalps.com\/cz\/wp-content\/uploads\/2022\/02\/text-logo-horni.png\",\"width\":270,\"height\":40,\"caption\":\"Full servis pro ryb\u00e1\u0159e v Zell am See a okol\u00ed\"},\"image\":{\"@id\":\"https:\/\/flyfishinginalps.com\/cz\/#\/schema\/logo\/image\/\"}}]}<\/script>\n<!-- \/ Yoast SEO plugin. -->","yoast_head_json":{"title":"Cen\u00edk slu\u017eeb pr\u016fvodce | Lov ryb v Alp\u00e1ch","description":"Ceny \u010desk\u00e9ho ryb\u00e1\u0159sk\u00e9ho pr\u016fvodce V Zell am See a Kaprunu. K dispozici n\u00e1kup povolenek, pron\u00e1jem lod\u011b, vhodn\u00e9 lokality pro lov ryb.","robots":{"index":"index","follow":"follow","max-snippet":"max-snippet:-1","max-image-preview":"max-image-preview:large","max-video-preview":"max-video-preview:-1"},"canonical":"https:\/\/flyfishinginalps.com\/cz\/cenik-sluzeb-pruvodce\/","og_locale":"cs_CZ","og_type":"article","og_title":"Cen\u00edk slu\u017eeb pr\u016fvodce | Lov ryb v Alp\u00e1ch","og_description":"Ceny \u010desk\u00e9ho ryb\u00e1\u0159sk\u00e9ho pr\u016fvodce V Zell am See a Kaprunu. K dispozici n\u00e1kup povolenek, pron\u00e1jem lod\u011b, vhodn\u00e9 lokality pro lov ryb.","og_url":"https:\/\/flyfishinginalps.com\/cz\/cenik-sluzeb-pruvodce\/","og_site_name":"Full servis pro ryb\u00e1\u0159e v Zell am See a okol\u00ed","article_modified_time":"2022-07-05T12:37:41+00:00","og_image":[{"url":"https:\/\/flyfishinginalps.com\/cz\/wp-content\/uploads\/2022\/03\/jb2-240x300.jpg"}],"twitter_card":"summary_large_image","schema":{"@context":"https:\/\/schema.org","@graph":[{"@type":"WebPage","@id":"https:\/\/flyfishinginalps.com\/cz\/cenik-sluzeb-pruvodce\/","url":"https:\/\/flyfishinginalps.com\/cz\/cenik-sluzeb-pruvodce\/","name":"Cen\u00edk slu\u017eeb pr\u016fvodce | Lov ryb v Alp\u00e1ch","isPartOf":{"@id":"https:\/\/flyfishinginalps.com\/cz\/#website"},"datePublished":"2021-10-20T14:42:06+00:00","dateModified":"2022-07-05T12:37:41+00:00","description":"Ceny \u010desk\u00e9ho ryb\u00e1\u0159sk\u00e9ho pr\u016fvodce V Zell am See a Kaprunu. K dispozici n\u00e1kup povolenek, pron\u00e1jem lod\u011b, vhodn\u00e9 lokality pro lov ryb.","breadcrumb":{"@id":"https:\/\/flyfishinginalps.com\/cz\/cenik-sluzeb-pruvodce\/#breadcrumb"},"inLanguage":"cs","potentialAction":[{"@type":"ReadAction","target":["https:\/\/flyfishinginalps.com\/cz\/cenik-sluzeb-pruvodce\/"]}]},{"@type":"BreadcrumbList","@id":"https:\/\/flyfishinginalps.com\/cz\/cenik-sluzeb-pruvodce\/#breadcrumb","itemListElement":[{"@type":"ListItem","position":1,"name":"Dom\u016f","item":"https:\/\/flyfishinginalps.com\/cz\/"},{"@type":"ListItem","position":2,"name":"Cen\u00edk slu\u017eeb pr\u016fvodce"}]},{"@type":"WebSite","@id":"https:\/\/flyfishinginalps.com\/cz\/#website","url":"https:\/\/flyfishinginalps.com\/cz\/","name":"Full servis pro ryb\u00e1\u0159e v Zell am See a okol\u00ed","description":"","publisher":{"@id":"https:\/\/flyfishinginalps.com\/cz\/#organization"},"potentialAction":[{"@type":"SearchAction","target":{"@type":"EntryPoint","urlTemplate":"https:\/\/flyfishinginalps.com\/cz\/?s={search_term_string}"},"query-input":"required name=search_term_string"}],"inLanguage":"cs"},{"@type":"Organization","@id":"https:\/\/flyfishinginalps.com\/cz\/#organization","name":"Full servis pro ryb\u00e1\u0159e v Zell am See a okol\u00ed","url":"https:\/\/flyfishinginalps.com\/cz\/","logo":{"@type":"ImageObject","inLanguage":"cs","@id":"https:\/\/flyfishinginalps.com\/cz\/#\/schema\/logo\/image\/","url":"https:\/\/flyfishinginalps.com\/cz\/wp-content\/uploads\/2022\/02\/text-logo-horni.png","contentUrl":"https:\/\/flyfishinginalps.com\/cz\/wp-content\/uploads\/2022\/02\/text-logo-horni.png","width":270,"height":40,"caption":"Full servis pro ryb\u00e1\u0159e v Zell am See a okol\u00ed"},"image":{"@id":"https:\/\/flyfishinginalps.com\/cz\/#\/schema\/logo\/image\/"}}]}},"_links":{"self":[{"href":"https:\/\/flyfishinginalps.com\/cz\/wp-json\/wp\/v2\/pages\/70"}],"collection":[{"href":"https:\/\/flyfishinginalps.com\/cz\/wp-json\/wp\/v2\/pages"}],"about":[{"href":"https:\/\/flyfishinginalps.com\/cz\/wp-json\/wp\/v2\/types\/page"}],"author":[{"embeddable":true,"href":"https:\/\/flyfishinginalps.com\/cz\/wp-json\/wp\/v2\/users\/1"}],"replies":[{"embeddable":true,"href":"https:\/\/flyfishinginalps.com\/cz\/wp-json\/wp\/v2\/comments?post=70"}],"version-history":[{"count":8,"href":"https:\/\/flyfishinginalps.com\/cz\/wp-json\/wp\/v2\/pages\/70\/revisions"}],"predecessor-version":[{"id":305,"href":"https:\/\/flyfishinginalps.com\/cz\/wp-json\/wp\/v2\/pages\/70\/revisions\/305"}],"wp:attachment":[{"href":"https:\/\/flyfishinginalps.com\/cz\/wp-json\/wp\/v2\/media?parent=70"}],"curies":[{"name":"wp","href":"https:\/\/api.w.org\/{rel}","templated":true}]}}